{"id":1336,"date":"2025-12-17T11:41:53","date_gmt":"2025-12-17T11:41:53","guid":{"rendered":"https:\/\/paragon-tt.com\/?page_id=1336"},"modified":"2026-02-04T13:46:33","modified_gmt":"2026-02-04T11:46:33","slug":"versand","status":"publish","type":"page","link":"https:\/\/paragon-tt.com\/de\/versand\/","title":{"rendered":"Versand"},"content":{"rendered":"<div data-elementor-type=\"wp-page\" data-elementor-id=\"1336\" class=\"elementor elementor-1336\" data-elementor-post-type=\"page\">\n\t\t\t\t<div class=\"elementor-element elementor-element-d4b7e23 e-con-full e-flex e-con e-parent\" data-id=\"d4b7e23\" data-element_type=\"container\" data-e-type=\"container\">\n\t\t\t\t<div class=\"elementor-element elementor-element-f2456d0 elementor-widget elementor-widget-text-editor\" data-id=\"f2456d0\" data-element_type=\"widget\" data-e-type=\"widget\" data-widget_type=\"text-editor.default\">\n\t\t\t\t\t\t\t\t\t<h2><b>Informationen zum Versand<\/b><\/h2><p><span style=\"font-weight: 400;\">Wir sind bestrebt, Ihre Bestellung schnell und zuverl\u00e4ssig auszuliefern, egal wo auf der Welt Sie sich befinden. Der kostenlose weltweite Versand ist im Produktpreis inbegriffen - keine zus\u00e4tzlichen Kosten an der Kasse.<\/span><\/p><h3><b>Weltweiter Versand<\/b><\/h3><p><span style=\"font-weight: 400;\">Wir bieten kostenlosen Versand weltweit f\u00fcr alle unsere Produkte.\u00a0<\/span><\/p><h3><b>Spediteure und Service<\/b><\/h3><p><span style=\"font-weight: 400;\">Alle Bestellungen werden mit den zuverl\u00e4ssigen Expressdiensten unserer vertrauensw\u00fcrdigen Partner - DHL und FedEx - versandt. Welches Transportunternehmen eingesetzt wird, h\u00e4ngt vom Zielort ab, um die schnellstm\u00f6gliche Lieferung zu gew\u00e4hrleisten. Es fallen keine zus\u00e4tzlichen Versandgeb\u00fchren an - sie sind bereits im Produktpreis enthalten.<\/span><b>.<\/b><\/p><h3><b>Verfolgung Ihrer Bestellung<\/b><\/h3><p><span style=\"font-weight: 400;\">Sobald Ihr Paket vorbereitet und an den Kurier \u00fcbergeben wurde, erhalten Sie automatisch eine E-Mail-Benachrichtigung. Diese E-Mail wird enthalten:<\/span><\/p><ul><li style=\"font-weight: 400;\" aria-level=\"1\"><span style=\"font-weight: 400;\">Ihre Kontrollnummer<\/span><\/li><li style=\"font-weight: 400;\" aria-level=\"1\"><span style=\"font-weight: 400;\">Ein direkter Link zur \u00dcberwachung des Status Ihrer Sendung<\/span><\/li><\/ul><p><span style=\"font-weight: 400;\">Sie k\u00f6nnen den Status Ihrer Bestellung auch jederzeit in Ihrem Kundenprofil auf unserer Website einsehen.<\/span><\/p><h3><b>Wichtige Hinweise zu den Lieferzeiten<\/b><\/h3><p><span style=\"font-weight: 400;\">Wir bem\u00fchen uns zwar um eine schnelle Lieferung, k\u00f6nnen aber keine bestimmten Lieferzeiten garantieren. Die Lieferung h\u00e4ngt vom Kurierdienst und den \u00f6rtlichen Zollverfahren ab.<\/span><\/p><p><span style=\"font-weight: 400;\">Nicht-EU-Kunden: Die Lieferzeiten k\u00f6nnen aufgrund der vorgeschriebenen Zollabfertigungs- und Kontrollverfahren variieren. Z\u00f6lle, Einfuhrsteuern und andere importbezogene Abgaben liegen in der alleinigen Verantwortung des Kunden. Diese Geb\u00fchren werden von Ihrer lokalen Regierung erhoben und sind nicht im Produktpreis enthalten.<\/span><\/p><h3><strong>Gesch\u00e4tzte Versandzeiten<\/strong><\/h3><p>Der Versand dauert normalerweise:<br \/>- EU: 2-5 Arbeitstage<br \/>- Nicht-EU: 3-7 Arbeitstage<br \/>Bitte beachten Sie, dass es sich bei diesen Lieferzeiten um Sch\u00e4tzungen handelt, die nicht garantiert werden k\u00f6nnen, da der Versand von Faktoren beeinflusst werden kann, die au\u00dferhalb unserer Kontrolle liegen.<\/p>\t\t\t\t\t\t\t\t<\/div>\n\t\t\t\t<\/div>\n\t\t\t\t<\/div>","protected":false},"excerpt":{"rendered":"<p>Shipping Information We are committed to delivering your order quickly and reliably, wherever you are in the world. Free shipping worldwide is included in the product price \u2013 no extra charges at checkout. Worldwide Shipping We offer free shipping worldwide for all our products.\u00a0 Shipping Carriers and Service All orders are shipped using the reliable [&hellip;]<\/p>\n","protected":false},"author":1,"featured_media":0,"parent":0,"menu_order":0,"comment_status":"closed","ping_status":"closed","template":"","meta":{"_acf_changed":false,"footnotes":""},"class_list":["post-1336","page","type-page","status-publish","hentry"],"acf":[],"_links":{"self":[{"href":"https:\/\/paragon-tt.com\/de\/wp-json\/wp\/v2\/pages\/1336","targetHints":{"allow":["GET"]}}],"collection":[{"href":"https:\/\/paragon-tt.com\/de\/wp-json\/wp\/v2\/pages"}],"about":[{"href":"https:\/\/paragon-tt.com\/de\/wp-json\/wp\/v2\/types\/page"}],"author":[{"embeddable":true,"href":"https:\/\/paragon-tt.com\/de\/wp-json\/wp\/v2\/users\/1"}],"replies":[{"embeddable":true,"href":"https:\/\/paragon-tt.com\/de\/wp-json\/wp\/v2\/comments?post=1336"}],"version-history":[{"count":0,"href":"https:\/\/paragon-tt.com\/de\/wp-json\/wp\/v2\/pages\/1336\/revisions"}],"wp:attachment":[{"href":"https:\/\/paragon-tt.com\/de\/wp-json\/wp\/v2\/media?parent=1336"}],"curies":[{"name":"wp","href":"https:\/\/api.w.org\/{rel}","templated":true}]}}