{"id":1344,"date":"2025-12-17T12:01:36","date_gmt":"2025-12-17T12:01:36","guid":{"rendered":"https:\/\/paragon-tt.com\/?page_id=1344"},"modified":"2026-03-22T15:06:36","modified_gmt":"2026-03-22T13:06:36","slug":"impressum","status":"publish","type":"page","link":"https:\/\/paragon-tt.com\/de\/impressum\/","title":{"rendered":"Impressum"},"content":{"rendered":"<div data-elementor-type=\"wp-page\" data-elementor-id=\"1344\" class=\"elementor elementor-1344\" data-elementor-post-type=\"page\">\n\t\t\t\t<div class=\"elementor-element elementor-element-30a9668 e-con-full e-flex e-con e-parent\" data-id=\"30a9668\" data-element_type=\"container\" data-e-type=\"container\">\n\t\t\t\t<div class=\"elementor-element elementor-element-4214529 elementor-widget elementor-widget-text-editor\" data-id=\"4214529\" data-element_type=\"widget\" data-e-type=\"widget\" data-widget_type=\"text-editor.default\">\n\t\t\t\t\t\t\t\t\t<h2><strong>Informationen zum Unternehmen<\/strong><\/h2><p>PARAGON SPORT OOD<br \/>Eingetragene Anschrift: 14G Filip Kutev Str., vh. B, et. 3, ap. 10, BG-1407 Sofia, BG<br \/>Land der Registrierung: BG<\/p><p>Registrierungsnummer des Unternehmens: 207509938 <br \/>Umsatzsteuer-Identifikationsnummer: BG207509938<\/p><p>Vertreten durch<\/p><p>Gesch\u00e4ftsf\u00fchrender Direktor: Kaloyan Kostadinov<\/p><h3><strong>Kontakt<\/strong><\/h3><p>E-Mail: info@paragon-tt.com<\/p><p>Website: www.paragon-tt.com<\/p><h3><strong>Verantwortlich f\u00fcr den Inhalt<\/strong><\/h3><p>Verantwortlich f\u00fcr den Inhalt dieser Website ist nach geltendem Recht das Unternehmen:<br \/>PARAGON SPORT OOD<\/p><h3><strong>Urheberrecht<\/strong><\/h3><p>Alle Inhalte auf dieser Website, einschlie\u00dflich, aber nicht beschr\u00e4nkt auf Texte, Produktbeschreibungen, Bilder, Grafiken, Logos, Produktfotografie, Designs und visuelle Materialien, sind geistiges Eigentum von PARAGON SPORT OOD, sofern nicht anders angegeben.<\/p><p>Jegliche Vervielf\u00e4ltigung, Verbreitung, \u00c4nderung oder Nutzung des Inhalts in irgendeiner Form ohne vorherige schriftliche Genehmigung von PARAGON SPORT OOD ist strengstens untersagt.<\/p><h3><strong>Haftung f\u00fcr Inhalte<\/strong><\/h3><p>Die auf dieser Website bereitgestellten Informationen wurden mit gr\u00f6\u00dftm\u00f6glicher Sorgfalt erstellt. Die PARAGON SPORT OOD \u00fcbernimmt jedoch keine Gew\u00e4hr f\u00fcr die Richtigkeit, Vollst\u00e4ndigkeit und Aktualit\u00e4t der bereitgestellten Informationen.<\/p><h3><strong>Haftung f\u00fcr externe Links<\/strong><\/h3><p>Diese Website kann Links zu externen Websites enthalten, die von Dritten betrieben werden. PARAGON SPORT OOD hat keine Kontrolle \u00fcber den Inhalt dieser Websites und \u00fcbernimmt daher keine Verantwortung f\u00fcr deren Inhalt. F\u00fcr den Inhalt der verlinkten Seiten sind ausschlie\u00dflich deren Betreiber verantwortlich.<\/p><h3><strong>Online-Streitbeilegung<\/strong><\/h3><p>Die Europ\u00e4ische Kommission stellt eine Plattform zur Online-Streitbeilegung f\u00fcr Verbraucherstreitigkeiten bereit.<\/p><p>https:\/\/ec.europa.eu\/consumers\/odr\/<\/p><p>PARAGON SPORT OOD ist nicht verpflichtet und beabsichtigt nicht, an einem Streitbeilegungsverfahren vor einer Verbraucherschlichtungsstelle teilzunehmen.<\/p>\t\t\t\t\t\t\t\t<\/div>\n\t\t\t\t<\/div>\n\t\t\t\t<\/div>","protected":false},"excerpt":{"rendered":"<p>Company Information PARAGON SPORT OODRegistered Address: 14G Filip Kutev Str., vh. B, et. 3, ap. 10, BG-1407 Sofia, BGCountry of Registration: BG Company Registration Number: 207509938 VAT Registration Number: BG207509938 Represented by Managing Director: Kaloyan Kostadinov Contact Email: info@paragon-tt.com Website: www.paragon-tt.com Responsible for the Content The company responsible for the content of this website, according [&hellip;]<\/p>\n","protected":false},"author":1,"featured_media":0,"parent":0,"menu_order":0,"comment_status":"closed","ping_status":"closed","template":"","meta":{"_acf_changed":false,"footnotes":""},"class_list":["post-1344","page","type-page","status-publish","hentry"],"acf":[],"_links":{"self":[{"href":"https:\/\/paragon-tt.com\/de\/wp-json\/wp\/v2\/pages\/1344","targetHints":{"allow":["GET"]}}],"collection":[{"href":"https:\/\/paragon-tt.com\/de\/wp-json\/wp\/v2\/pages"}],"about":[{"href":"https:\/\/paragon-tt.com\/de\/wp-json\/wp\/v2\/types\/page"}],"author":[{"embeddable":true,"href":"https:\/\/paragon-tt.com\/de\/wp-json\/wp\/v2\/users\/1"}],"replies":[{"embeddable":true,"href":"https:\/\/paragon-tt.com\/de\/wp-json\/wp\/v2\/comments?post=1344"}],"version-history":[{"count":6,"href":"https:\/\/paragon-tt.com\/de\/wp-json\/wp\/v2\/pages\/1344\/revisions"}],"predecessor-version":[{"id":7188,"href":"https:\/\/paragon-tt.com\/de\/wp-json\/wp\/v2\/pages\/1344\/revisions\/7188"}],"wp:attachment":[{"href":"https:\/\/paragon-tt.com\/de\/wp-json\/wp\/v2\/media?parent=1344"}],"curies":[{"name":"wp","href":"https:\/\/api.w.org\/{rel}","templated":true}]}}